{"id":1028,"date":"2022-10-26T15:17:27","date_gmt":"2022-10-26T13:17:27","guid":{"rendered":"https:\/\/www.atv-slo.si\/?page_id=1028"},"modified":"2022-10-26T22:06:56","modified_gmt":"2022-10-26T20:06:56","slug":"vzivo","status":"publish","type":"page","link":"https:\/\/www.atv-slo.si\/en\/vzivo\/","title":{"rendered":"V \u017eivo"},"content":{"rendered":"<p><\/p>\n\n\n\n<div class=\"wp-block-group is-nowrap is-layout-flex wp-container-core-group-is-layout-ad2f72ca wp-block-group-is-layout-flex\">\n<h1 class=\"wp-block-heading\">V \u017eivo <\/h1>\n\n\n\n<div class=\"wp-block-group is-nowrap is-layout-flex wp-container-core-group-is-layout-ad2f72ca wp-block-group-is-layout-flex\">\n<figure class=\"wp-block-image size-full is-resized\"><img loading=\"lazy\" decoding=\"async\" src=\"https:\/\/www.atv-slo.si\/wp-content\/uploads\/2022\/10\/v-zivo.gif\" alt=\"\" class=\"wp-image-1051\" width=\"90\" height=\"86\"\/><\/figure>\n<\/div>\n\n\n\n<div class=\"wp-block-group is-nowrap is-layout-flex wp-container-core-group-is-layout-ad2f72ca wp-block-group-is-layout-flex\"><\/div>\n<\/div>\n\n\n\n<p>(trenutno se ne odvija nobena prireditev)<\/p>\n\n\n\n<p>Tabela s \u010dasi se posodablja samodejno, ro\u010dna osve\u017eitev ni potrebna.<\/p>\n\n\n<div id=\"tablepress-9-scroll-wrapper\" class=\"tablepress-scroll-wrapper\">\n\n<table id=\"tablepress-9\" class=\"tablepress tablepress-id-9 tablepress-responsive\">\n<thead>\n<tr class=\"row-1 odd\">\n\t<th class=\"column-1\">RIDER<\/th><th class=\"column-2\">TOTAL TIME<\/th><th class=\"column-3\">1st LAP<\/th><th class=\"column-4\">2nd LAP<\/th><th class=\"column-5\">3rd LAP<\/th><th class=\"column-6\">4th LAP<\/th><th class=\"column-7\">5. LAP<\/th>\n<\/tr>\n<\/thead>\n<tbody class=\"row-hover\">\n<tr class=\"row-2 even\">\n\t<td class=\"column-1\"><\/td><td class=\"column-2\"><\/td><td class=\"column-3\"><\/td><td class=\"column-4\"><\/td><td class=\"column-5\"><\/td><td class=\"column-6\"><\/td><td class=\"column-7\"><\/td>\n<\/tr>\n<tr class=\"row-3 odd\">\n\t<td class=\"column-1\"><\/td><td class=\"column-2\"><\/td><td class=\"column-3\"><\/td><td class=\"column-4\"><\/td><td class=\"column-5\"><\/td><td class=\"column-6\"><\/td><td class=\"column-7\"><\/td>\n<\/tr>\n<\/tbody>\n<\/table>\n\n<\/div><!-- #tablepress-9 from cache -->","protected":false},"excerpt":{"rendered":"<p>V \u017eivo (trenutno se ne odvija nobena prireditev) Tabela s \u010dasi se posodablja samodejno, ro\u010dna osve\u017eitev ni potrebna.<\/p>","protected":false},"author":1,"featured_media":1051,"parent":0,"menu_order":0,"comment_status":"closed","ping_status":"closed","template":"","meta":{"neve_meta_sidebar":"","neve_meta_container":"","neve_meta_enable_content_width":"","neve_meta_content_width":0,"neve_meta_title_alignment":"","neve_meta_author_avatar":"","neve_post_elements_order":"","neve_meta_disable_header":"","neve_meta_disable_footer":"","neve_meta_disable_title":"on","_ti_tpc_template_sync":false,"_ti_tpc_template_id":"","footnotes":""},"class_list":["post-1028","page","type-page","status-publish","has-post-thumbnail","hentry"],"_links":{"self":[{"href":"https:\/\/www.atv-slo.si\/en\/wp-json\/wp\/v2\/pages\/1028","targetHints":{"allow":["GET"]}}],"collection":[{"href":"https:\/\/www.atv-slo.si\/en\/wp-json\/wp\/v2\/pages"}],"about":[{"href":"https:\/\/www.atv-slo.si\/en\/wp-json\/wp\/v2\/types\/page"}],"author":[{"embeddable":true,"href":"https:\/\/www.atv-slo.si\/en\/wp-json\/wp\/v2\/users\/1"}],"replies":[{"embeddable":true,"href":"https:\/\/www.atv-slo.si\/en\/wp-json\/wp\/v2\/comments?post=1028"}],"version-history":[{"count":19,"href":"https:\/\/www.atv-slo.si\/en\/wp-json\/wp\/v2\/pages\/1028\/revisions"}],"predecessor-version":[{"id":1088,"href":"https:\/\/www.atv-slo.si\/en\/wp-json\/wp\/v2\/pages\/1028\/revisions\/1088"}],"wp:featuredmedia":[{"embeddable":true,"href":"https:\/\/www.atv-slo.si\/en\/wp-json\/wp\/v2\/media\/1051"}],"wp:attachment":[{"href":"https:\/\/www.atv-slo.si\/en\/wp-json\/wp\/v2\/media?parent=1028"}],"curies":[{"name":"wp","href":"https:\/\/api.w.org\/{rel}","templated":true}]}}